{"id":3004,"date":"2020-12-25T09:14:59","date_gmt":"2020-12-25T09:14:59","guid":{"rendered":"http:\/\/medstrom.distractweb.co.uk\/testimonials\/"},"modified":"2021-04-22T11:29:39","modified_gmt":"2021-04-22T11:29:39","slug":"testimonianze","status":"publish","type":"page","link":"https:\/\/www.medstrom.com\/it\/perche-medstrom\/testimonianze\/","title":{"rendered":"Testimonianze"},"content":{"rendered":"<h3>In Medstrom siamo orgogliosi della qualit\u00e0 del nostro team, della reattivit\u00e0 e della flessibilit\u00e0 del nostro approccio, della nostra esperienza nel migliorare i risultati dei pazienti e della nostra capacit\u00e0 di offrire un servizio e un prodotto unico ai nostri clienti.<\/h3>\n","protected":false},"excerpt":{"rendered":"<p>In Medstrom siamo orgogliosi della qualit\u00e0 del nostro team, della reattivit\u00e0 e della flessibilit\u00e0 del nostro approccio, della nostra esperienza nel migliorare i risultati dei pazienti e della nostra capacit\u00e0 di offrire un servizio e un prodotto unico ai nostri clienti.<\/p>\n","protected":false},"author":38,"featured_media":6251,"parent":3021,"menu_order":0,"comment_status":"closed","ping_status":"closed","template":"templates\/template-testimonials.php","meta":{"_acf_changed":false,"inline_featured_image":false,"footnotes":""},"class_list":["post-3004","page","type-page","status-publish","has-post-thumbnail","hentry"],"acf":[],"yoast_head":"<!-- This site is optimized with the Yoast SEO plugin v27.1 - https:\/\/yoast.com\/product\/yoast-seo-wordpress\/ -->\n<title>Testimonianze - Medstrom<\/title>\n<meta name=\"description\" content=\"Medstrom is an independent UK manufacturer of hospital beds - we supply a range of innovative products in the specialist beds and surfaces sector\" \/>\n<meta name=\"robots\" content=\"index, follow, max-snippet:-1, max-image-preview:large, max-video-preview:-1\" \/>\n<link rel=\"canonical\" href=\"https:\/\/www.medstrom.com\/it\/perche-medstrom\/testimonianze\/\" \/>\n<meta property=\"og:locale\" content=\"it_IT\" \/>\n<meta property=\"og:type\" content=\"article\" \/>\n<meta property=\"og:title\" content=\"Testimonianze - Medstrom\" \/>\n<meta property=\"og:description\" content=\"Medstrom is an independent UK manufacturer of hospital beds - we supply a range of innovative products in the specialist beds and surfaces sector\" \/>\n<meta property=\"og:url\" content=\"https:\/\/www.medstrom.com\/it\/perche-medstrom\/testimonianze\/\" \/>\n<meta property=\"og:site_name\" content=\"Medstrom\" \/>\n<meta property=\"article:modified_time\" content=\"2021-04-22T11:29:39+00:00\" \/>\n<meta property=\"og:image\" content=\"https:\/\/www.medstrom.com\/wp-content\/uploads\/2020\/12\/shutterstock_786971899.png\" \/>\n\t<meta property=\"og:image:width\" content=\"1280\" \/>\n\t<meta property=\"og:image:height\" content=\"584\" \/>\n\t<meta property=\"og:image:type\" content=\"image\/png\" \/>\n<meta name=\"twitter:card\" content=\"summary_large_image\" \/>\n<meta name=\"twitter:label1\" content=\"Tempo di lettura stimato\" \/>\n\t<meta name=\"twitter:data1\" content=\"1 minuto\" \/>\n<script type=\"application\/ld+json\" class=\"yoast-schema-graph\">{\"@context\":\"https:\/\/schema.org\",\"@graph\":[{\"@type\":\"WebPage\",\"@id\":\"https:\/\/www.medstrom.com\/it\/perche-medstrom\/testimonianze\/\",\"url\":\"https:\/\/www.medstrom.com\/it\/perche-medstrom\/testimonianze\/\",\"name\":\"Testimonianze - Medstrom\",\"isPartOf\":{\"@id\":\"https:\/\/www.medstrom.com\/it\/#website\"},\"primaryImageOfPage\":{\"@id\":\"https:\/\/www.medstrom.com\/it\/perche-medstrom\/testimonianze\/#primaryimage\"},\"image\":{\"@id\":\"https:\/\/www.medstrom.com\/it\/perche-medstrom\/testimonianze\/#primaryimage\"},\"thumbnailUrl\":\"https:\/\/www.medstrom.com\/wp-content\/uploads\/2020\/12\/shutterstock_786971899.png\",\"datePublished\":\"2020-12-25T09:14:59+00:00\",\"dateModified\":\"2021-04-22T11:29:39+00:00\",\"description\":\"Medstrom is an independent UK manufacturer of hospital beds - we supply a range of innovative products in the specialist beds and surfaces sector\",\"breadcrumb\":{\"@id\":\"https:\/\/www.medstrom.com\/it\/perche-medstrom\/testimonianze\/#breadcrumb\"},\"inLanguage\":\"it-IT\",\"potentialAction\":[{\"@type\":\"ReadAction\",\"target\":[\"https:\/\/www.medstrom.com\/it\/perche-medstrom\/testimonianze\/\"]}]},{\"@type\":\"ImageObject\",\"inLanguage\":\"it-IT\",\"@id\":\"https:\/\/www.medstrom.com\/it\/perche-medstrom\/testimonianze\/#primaryimage\",\"url\":\"https:\/\/www.medstrom.com\/wp-content\/uploads\/2020\/12\/shutterstock_786971899.png\",\"contentUrl\":\"https:\/\/www.medstrom.com\/wp-content\/uploads\/2020\/12\/shutterstock_786971899.png\",\"width\":1280,\"height\":584},{\"@type\":\"BreadcrumbList\",\"@id\":\"https:\/\/www.medstrom.com\/it\/perche-medstrom\/testimonianze\/#breadcrumb\",\"itemListElement\":[{\"@type\":\"ListItem\",\"position\":1,\"name\":\"Home\",\"item\":\"https:\/\/www.medstrom.com\/it\/\"},{\"@type\":\"ListItem\",\"position\":2,\"name\":\"Perch\u00e9 Medstrom?\",\"item\":\"https:\/\/www.medstrom.com\/it\/why-medstrom\/\"},{\"@type\":\"ListItem\",\"position\":3,\"name\":\"Testimonianze\"}]},{\"@type\":\"WebSite\",\"@id\":\"https:\/\/www.medstrom.com\/it\/#website\",\"url\":\"https:\/\/www.medstrom.com\/it\/\",\"name\":\"Medstrom\",\"description\":\"\",\"publisher\":{\"@id\":\"https:\/\/www.medstrom.com\/it\/#organization\"},\"potentialAction\":[{\"@type\":\"SearchAction\",\"target\":{\"@type\":\"EntryPoint\",\"urlTemplate\":\"https:\/\/www.medstrom.com\/it\/?s={search_term_string}\"},\"query-input\":{\"@type\":\"PropertyValueSpecification\",\"valueRequired\":true,\"valueName\":\"search_term_string\"}}],\"inLanguage\":\"it-IT\"},{\"@type\":\"Organization\",\"@id\":\"https:\/\/www.medstrom.com\/it\/#organization\",\"name\":\"Medstrom\",\"url\":\"https:\/\/www.medstrom.com\/it\/\",\"logo\":{\"@type\":\"ImageObject\",\"inLanguage\":\"it-IT\",\"@id\":\"https:\/\/www.medstrom.com\/it\/#\/schema\/logo\/image\/\",\"url\":\"https:\/\/www.medstrom.com\/wp-content\/uploads\/2022\/04\/Medstrom-Main-Logo.svg\",\"contentUrl\":\"https:\/\/www.medstrom.com\/wp-content\/uploads\/2022\/04\/Medstrom-Main-Logo.svg\",\"width\":\"1024\",\"height\":\"1024\",\"caption\":\"Medstrom\"},\"image\":{\"@id\":\"https:\/\/www.medstrom.com\/it\/#\/schema\/logo\/image\/\"}}]}<\/script>\n<!-- \/ Yoast SEO plugin. -->","yoast_head_json":{"title":"Testimonianze - Medstrom","description":"Medstrom is an independent UK manufacturer of hospital beds - we supply a range of innovative products in the specialist beds and surfaces sector","robots":{"index":"index","follow":"follow","max-snippet":"max-snippet:-1","max-image-preview":"max-image-preview:large","max-video-preview":"max-video-preview:-1"},"canonical":"https:\/\/www.medstrom.com\/it\/perche-medstrom\/testimonianze\/","og_locale":"it_IT","og_type":"article","og_title":"Testimonianze - Medstrom","og_description":"Medstrom is an independent UK manufacturer of hospital beds - we supply a range of innovative products in the specialist beds and surfaces sector","og_url":"https:\/\/www.medstrom.com\/it\/perche-medstrom\/testimonianze\/","og_site_name":"Medstrom","article_modified_time":"2021-04-22T11:29:39+00:00","og_image":[{"width":1280,"height":584,"url":"https:\/\/www.medstrom.com\/wp-content\/uploads\/2020\/12\/shutterstock_786971899.png","type":"image\/png"}],"twitter_card":"summary_large_image","twitter_misc":{"Tempo di lettura stimato":"1 minuto"},"schema":{"@context":"https:\/\/schema.org","@graph":[{"@type":"WebPage","@id":"https:\/\/www.medstrom.com\/it\/perche-medstrom\/testimonianze\/","url":"https:\/\/www.medstrom.com\/it\/perche-medstrom\/testimonianze\/","name":"Testimonianze - Medstrom","isPartOf":{"@id":"https:\/\/www.medstrom.com\/it\/#website"},"primaryImageOfPage":{"@id":"https:\/\/www.medstrom.com\/it\/perche-medstrom\/testimonianze\/#primaryimage"},"image":{"@id":"https:\/\/www.medstrom.com\/it\/perche-medstrom\/testimonianze\/#primaryimage"},"thumbnailUrl":"https:\/\/www.medstrom.com\/wp-content\/uploads\/2020\/12\/shutterstock_786971899.png","datePublished":"2020-12-25T09:14:59+00:00","dateModified":"2021-04-22T11:29:39+00:00","description":"Medstrom is an independent UK manufacturer of hospital beds - we supply a range of innovative products in the specialist beds and surfaces sector","breadcrumb":{"@id":"https:\/\/www.medstrom.com\/it\/perche-medstrom\/testimonianze\/#breadcrumb"},"inLanguage":"it-IT","potentialAction":[{"@type":"ReadAction","target":["https:\/\/www.medstrom.com\/it\/perche-medstrom\/testimonianze\/"]}]},{"@type":"ImageObject","inLanguage":"it-IT","@id":"https:\/\/www.medstrom.com\/it\/perche-medstrom\/testimonianze\/#primaryimage","url":"https:\/\/www.medstrom.com\/wp-content\/uploads\/2020\/12\/shutterstock_786971899.png","contentUrl":"https:\/\/www.medstrom.com\/wp-content\/uploads\/2020\/12\/shutterstock_786971899.png","width":1280,"height":584},{"@type":"BreadcrumbList","@id":"https:\/\/www.medstrom.com\/it\/perche-medstrom\/testimonianze\/#breadcrumb","itemListElement":[{"@type":"ListItem","position":1,"name":"Home","item":"https:\/\/www.medstrom.com\/it\/"},{"@type":"ListItem","position":2,"name":"Perch\u00e9 Medstrom?","item":"https:\/\/www.medstrom.com\/it\/why-medstrom\/"},{"@type":"ListItem","position":3,"name":"Testimonianze"}]},{"@type":"WebSite","@id":"https:\/\/www.medstrom.com\/it\/#website","url":"https:\/\/www.medstrom.com\/it\/","name":"Medstrom","description":"","publisher":{"@id":"https:\/\/www.medstrom.com\/it\/#organization"},"potentialAction":[{"@type":"SearchAction","target":{"@type":"EntryPoint","urlTemplate":"https:\/\/www.medstrom.com\/it\/?s={search_term_string}"},"query-input":{"@type":"PropertyValueSpecification","valueRequired":true,"valueName":"search_term_string"}}],"inLanguage":"it-IT"},{"@type":"Organization","@id":"https:\/\/www.medstrom.com\/it\/#organization","name":"Medstrom","url":"https:\/\/www.medstrom.com\/it\/","logo":{"@type":"ImageObject","inLanguage":"it-IT","@id":"https:\/\/www.medstrom.com\/it\/#\/schema\/logo\/image\/","url":"https:\/\/www.medstrom.com\/wp-content\/uploads\/2022\/04\/Medstrom-Main-Logo.svg","contentUrl":"https:\/\/www.medstrom.com\/wp-content\/uploads\/2022\/04\/Medstrom-Main-Logo.svg","width":"1024","height":"1024","caption":"Medstrom"},"image":{"@id":"https:\/\/www.medstrom.com\/it\/#\/schema\/logo\/image\/"}}]}},"_links":{"self":[{"href":"https:\/\/www.medstrom.com\/it\/wp-json\/wp\/v2\/pages\/3004","targetHints":{"allow":["GET"]}}],"collection":[{"href":"https:\/\/www.medstrom.com\/it\/wp-json\/wp\/v2\/pages"}],"about":[{"href":"https:\/\/www.medstrom.com\/it\/wp-json\/wp\/v2\/types\/page"}],"author":[{"embeddable":true,"href":"https:\/\/www.medstrom.com\/it\/wp-json\/wp\/v2\/users\/38"}],"replies":[{"embeddable":true,"href":"https:\/\/www.medstrom.com\/it\/wp-json\/wp\/v2\/comments?post=3004"}],"version-history":[{"count":11,"href":"https:\/\/www.medstrom.com\/it\/wp-json\/wp\/v2\/pages\/3004\/revisions"}],"predecessor-version":[{"id":23820,"href":"https:\/\/www.medstrom.com\/it\/wp-json\/wp\/v2\/pages\/3004\/revisions\/23820"}],"up":[{"embeddable":true,"href":"https:\/\/www.medstrom.com\/it\/wp-json\/wp\/v2\/pages\/3021"}],"wp:featuredmedia":[{"embeddable":true,"href":"https:\/\/www.medstrom.com\/it\/wp-json\/wp\/v2\/media\/6251"}],"wp:attachment":[{"href":"https:\/\/www.medstrom.com\/it\/wp-json\/wp\/v2\/media?parent=3004"}],"curies":[{"name":"wp","href":"https:\/\/api.w.org\/{rel}","templated":true}]}}